{"id":780,"date":"2025-04-20T06:43:16","date_gmt":"2025-04-20T06:43:16","guid":{"rendered":"https:\/\/staging.athlete360.be\/?page_id=780"},"modified":"2025-09-03T14:44:32","modified_gmt":"2025-09-03T12:44:32","slug":"mentorschap","status":"publish","type":"page","link":"https:\/\/staging.athlete360.be\/fr\/mentorschap\/","title":{"rendered":"Mentorat"},"content":{"rendered":"<div data-elementor-type=\"wp-page\" data-elementor-id=\"780\" class=\"elementor elementor-780\" data-elementor-post-type=\"page\">\n\t\t\t\t<div class=\"elementor-element elementor-element-893a721 e-con-full e-flex e-con e-parent\" data-id=\"893a721\" data-element_type=\"container\" data-e-type=\"container\">\n\t\t<div class=\"elementor-element elementor-element-384f3d4 e-con-full e-flex e-con e-child\" data-id=\"384f3d4\" data-element_type=\"container\" data-e-type=\"container\" data-settings=\"{&quot;background_background&quot;:&quot;classic&quot;}\">\n\t\t<a class=\"elementor-element elementor-element-0313144 e-con-full e-flex e-con e-child\" data-id=\"0313144\" data-element_type=\"container\" data-e-type=\"container\">\n\t\t\t\t<div class=\"elementor-element elementor-element-40550b3 elementor-widget__width-initial elementor-widget elementor-widget-html\" data-id=\"40550b3\" data-element_type=\"widget\" data-e-type=\"widget\" data-widget_type=\"html.default\">\n\t\t\t\t<div class=\"elementor-widget-container\">\n\t\t\t\t\t <div class=\"logo\">\n    <div class=\"circle\">\n      <div class=\"dot dot-red\"><\/div>\n      <div class=\"dot dot-blue\"><\/div>\n    <\/div>\n <\/div>\t\t\t\t<\/div>\n\t\t\t\t<\/div>\n\t\t\t\t<div class=\"elementor-element elementor-element-14d1889 elementor-widget__width-auto elementor-widget elementor-widget-heading\" data-id=\"14d1889\" data-element_type=\"widget\" data-e-type=\"widget\" data-widget_type=\"heading.default\">\n\t\t\t\t<div class=\"elementor-widget-container\">\n\t\t\t\t\t<h1 class=\"elementor-heading-title elementor-size-default\">Mentorat<\/h1>\t\t\t\t<\/div>\n\t\t\t\t<\/div>\n\t\t\t\t<\/a>\n\t\t\t\t<div class=\"elementor-element elementor-element-0378ebe elementor-widget elementor-widget-heading\" data-id=\"0378ebe\" data-element_type=\"widget\" data-e-type=\"widget\" data-widget_type=\"heading.default\">\n\t\t\t\t<div class=\"elementor-widget-container\">\n\t\t\t\t\t<h1 class=\"elementor-heading-title elementor-size-default\">D\u2019athl\u00e8te \u00e0 mentor et de mentor \u00e0 athl\u00e8te <br>Ensemble, nous sommes plus forts!<\/h1>\t\t\t\t<\/div>\n\t\t\t\t<\/div>\n\t\t<div class=\"elementor-element elementor-element-1baebac e-con-full e-flex e-con e-child\" data-id=\"1baebac\" data-element_type=\"container\" data-e-type=\"container\">\n\t\t\t\t<div class=\"elementor-element elementor-element-5b48c78 gradient-border-btn elementor-widget elementor-widget-button\" data-id=\"5b48c78\" data-element_type=\"widget\" data-e-type=\"widget\" data-widget_type=\"button.default\">\n\t\t\t\t<div class=\"elementor-widget-container\">\n\t\t\t\t\t\t\t\t\t<div class=\"elementor-button-wrapper\">\n\t\t\t\t\t<a class=\"elementor-button elementor-button-link elementor-size-sm\" href=\"https:\/\/staging.athlete360.be\/fr\/contact\/\">\n\t\t\t\t\t\t<span class=\"elementor-button-content-wrapper\">\n\t\t\t\t\t\t\t\t\t<span class=\"elementor-button-text\">Contactez-nous<\/span>\n\t\t\t\t\t<\/span>\n\t\t\t\t\t<\/a>\n\t\t\t\t<\/div>\n\t\t\t\t\t\t\t\t<\/div>\n\t\t\t\t<\/div>\n\t\t\t\t<div class=\"elementor-element elementor-element-309607b gradient-border-black-btn elementor-widget elementor-widget-button\" data-id=\"309607b\" data-element_type=\"widget\" data-e-type=\"widget\" data-widget_type=\"button.default\">\n\t\t\t\t<div class=\"elementor-widget-container\">\n\t\t\t\t\t\t\t\t\t<div class=\"elementor-button-wrapper\">\n\t\t\t\t\t<a class=\"elementor-button elementor-button-link elementor-size-sm\" href=\"#\">\n\t\t\t\t\t\t<span class=\"elementor-button-content-wrapper\">\n\t\t\t\t\t\t\t\t\t<span class=\"elementor-button-text\">Enregistre-toi<\/span>\n\t\t\t\t\t<\/span>\n\t\t\t\t\t<\/a>\n\t\t\t\t<\/div>\n\t\t\t\t\t\t\t\t<\/div>\n\t\t\t\t<\/div>\n\t\t\t\t<\/div>\n\t\t\t\t<\/div>\n\t\t<div class=\"elementor-element elementor-element-82f0982 e-con-full e-flex e-con e-child\" data-id=\"82f0982\" data-element_type=\"container\" data-e-type=\"container\">\n\t\t<article class=\"elementor-element elementor-element-c15af34 e-con-full np e-flex e-con e-child\" data-id=\"c15af34\" data-element_type=\"container\" data-e-type=\"container\" data-settings=\"{&quot;background_background&quot;:&quot;classic&quot;}\">\n\t\t\t\t<div class=\"elementor-element elementor-element-e6df44a elementor-widget elementor-widget-heading\" data-id=\"e6df44a\" data-element_type=\"widget\" data-e-type=\"widget\" data-widget_type=\"heading.default\">\n\t\t\t\t<div class=\"elementor-widget-container\">\n\t\t\t\t\t<h2 class=\"elementor-heading-title elementor-size-default\">Parce que personne ne comprend mieux ce que tu vis que quelqu\u2019un qui a d\u00e9j\u00e0 \u00e9t\u00e9 \u00e0 ta place.<\/h2>\t\t\t\t<\/div>\n\t\t\t\t<\/div>\n\t\t\t\t<div class=\"elementor-element elementor-element-aa26d33 elementor-widget elementor-widget-text-editor\" data-id=\"aa26d33\" data-element_type=\"widget\" data-e-type=\"widget\" data-widget_type=\"text-editor.default\">\n\t\t\t\t<div class=\"elementor-widget-container\">\n\t\t\t\t\t\t\t\t\t<p><span style=\"font-weight: 400;\">Une carri\u00e8re de haut niveau est intense. Tu donnes tout, mais que vient-il ensuite ?Ou comment, en tant qu\u2019athl\u00e8te ou coach, donner du sens \u00e0 ton impact, sur le terrain et au-del\u00e0 ?\nLe mentorat t\u2019offre un v\u00e9ritable soutien.<\/span><\/p><p class=\"translation-block\">Chez Athlete360, nous croyons au \u00ab mentorat entre athl\u00e8te \u00bb : apprendre de ceux qui comprennent ton parcours. Cela renforce ta r\u00e9silience, ouvre de nouvelles perspectives et acc\u00e9l\u00e8re ta croissance, tant sur le plan professionnel que personnel.\nEt ce n\u2019est pas seulement b\u00e9n\u00e9fique pour le mentor\u00e9 : les mentors eux aussi y trouvent du sens, de la r\u00e9flexion, de la reconnaissance et une \u00e9nergie renouvel\u00e9e. Le mentorat fonctionne dans les deux sens. Il aide \u00e0 d\u00e9velopper des comp\u00e9tences, dans et hors du monde du sport, tout en favorisant le partage de savoir-faire dans les deux directions.<\/p><p class=\"translation-block\">Le mentorat n\u2019est qu\u2019une facette de l\u2019offre d\u2019Athlete360.\nNous croyons en la puissance du lien, tout en proposant bien plus encore. Athlete360 offre un large \u00e9ventail de soutiens : accompagnement individuel, ateliers, moments de networking et \u00e9v\u00e9nements th\u00e9matiques.<\/p><p><span style=\"font-weight: 400;\">Tu cherches un parcours de mentorat sp\u00e9cifique ? Nous te redirigeons volontiers vers le programme de mentorat d\u2019Assists, o\u00f9 de nombreux athl\u00e8tes ont d\u00e9j\u00e0 tiss\u00e9 des liens pr\u00e9cieux.<\/span><\/p>\t\t\t\t\t\t\t\t<\/div>\n\t\t\t\t<\/div>\n\t\t\t\t<\/article>\n\t\t<div class=\"elementor-element elementor-element-4ac1498 e-con-full e-flex e-con e-child\" data-id=\"4ac1498\" data-element_type=\"container\" data-e-type=\"container\">\n\t\t<div class=\"elementor-element elementor-element-c6636c0 e-con-full e-flex e-con e-child\" data-id=\"c6636c0\" data-element_type=\"container\" data-e-type=\"container\" data-settings=\"{&quot;background_background&quot;:&quot;gradient&quot;}\">\n\t\t\t\t<div class=\"elementor-element elementor-element-50dc691 elementor-widget elementor-widget-image\" data-id=\"50dc691\" data-element_type=\"widget\" data-e-type=\"widget\" data-widget_type=\"image.default\">\n\t\t\t\t<div class=\"elementor-widget-container\">\n\t\t\t\t\t\t\t\t\t\t\t\t\t\t\t<img fetchpriority=\"high\" decoding=\"async\" width=\"300\" height=\"300\" src=\"https:\/\/staging.athlete360.be\/wp-content\/uploads\/2025\/03\/cropped-Group-7-1-300x300.png\" class=\"attachment-medium size-medium wp-image-2346\" alt=\"Hoofd logo van Athlete360\" srcset=\"https:\/\/staging.athlete360.be\/wp-content\/uploads\/2025\/03\/cropped-Group-7-1-300x300.png 300w, https:\/\/staging.athlete360.be\/wp-content\/uploads\/2025\/03\/cropped-Group-7-1-150x150.png 150w, https:\/\/staging.athlete360.be\/wp-content\/uploads\/2025\/03\/cropped-Group-7-1-12x12.png 12w, https:\/\/staging.athlete360.be\/wp-content\/uploads\/2025\/03\/cropped-Group-7-1.png 361w\" sizes=\"(max-width: 300px) 100vw, 300px\" \/>\t\t\t\t\t\t\t\t\t\t\t\t\t\t\t<\/div>\n\t\t\t\t<\/div>\n\t\t\t\t<div class=\"elementor-element elementor-element-fc51a5f elementor-widget elementor-widget-heading\" data-id=\"fc51a5f\" data-element_type=\"widget\" data-e-type=\"widget\" data-widget_type=\"heading.default\">\n\t\t\t\t<div class=\"elementor-widget-container\">\n\t\t\t\t\t<h3 class=\"elementor-heading-title elementor-size-default\">Athlete 360<\/h3>\t\t\t\t<\/div>\n\t\t\t\t<\/div>\n\t\t\t\t<div class=\"elementor-element elementor-element-dacfba2 elementor-widget elementor-widget-text-editor\" data-id=\"dacfba2\" data-element_type=\"widget\" data-e-type=\"widget\" data-widget_type=\"text-editor.default\">\n\t\t\t\t<div class=\"elementor-widget-container\">\n\t\t\t\t\t\t\t\t\t<p><em><span style=\"font-weight: 400;\">La place o\u00f9 athl\u00e8tes de haut niveau et coachs se renforcent mutuellement !<\/span><\/em><\/p>\t\t\t\t\t\t\t\t<\/div>\n\t\t\t\t<\/div>\n\t\t\t\t<\/div>\n\t\t<a class=\"elementor-element elementor-element-e7eaa02 e-con-full e-flex e-con e-child\" data-id=\"e7eaa02\" data-element_type=\"container\" data-e-type=\"container\" data-settings=\"{&quot;background_background&quot;:&quot;gradient&quot;}\" href=\"https:\/\/assists.be\">\n\t\t\t\t<div class=\"elementor-element elementor-element-a340145 elementor-widget elementor-widget-image\" data-id=\"a340145\" data-element_type=\"widget\" data-e-type=\"widget\" data-widget_type=\"image.default\">\n\t\t\t\t<div class=\"elementor-widget-container\">\n\t\t\t\t\t\t\t\t\t\t\t\t\t\t\t<img decoding=\"async\" width=\"276\" height=\"300\" src=\"https:\/\/staging.athlete360.be\/wp-content\/uploads\/2025\/04\/assists-vertical-lockup-full-color-rgb-900px-w-72ppi-2-276x300.png\" class=\"attachment-medium size-medium wp-image-782\" alt=\"Het logo van assists. Een gestippelde geel en rode A.\" srcset=\"https:\/\/staging.athlete360.be\/wp-content\/uploads\/2025\/04\/assists-vertical-lockup-full-color-rgb-900px-w-72ppi-2-276x300.png 276w, https:\/\/staging.athlete360.be\/wp-content\/uploads\/2025\/04\/assists-vertical-lockup-full-color-rgb-900px-w-72ppi-2-768x836.png 768w, https:\/\/staging.athlete360.be\/wp-content\/uploads\/2025\/04\/assists-vertical-lockup-full-color-rgb-900px-w-72ppi-2-11x12.png 11w, https:\/\/staging.athlete360.be\/wp-content\/uploads\/2025\/04\/assists-vertical-lockup-full-color-rgb-900px-w-72ppi-2.png 900w\" sizes=\"(max-width: 276px) 100vw, 276px\" \/>\t\t\t\t\t\t\t\t\t\t\t\t\t\t\t<\/div>\n\t\t\t\t<\/div>\n\t\t\t\t<div class=\"elementor-element elementor-element-7e3b579 elementor-widget elementor-widget-text-editor\" data-id=\"7e3b579\" data-element_type=\"widget\" data-e-type=\"widget\" data-widget_type=\"text-editor.default\">\n\t\t\t\t<div class=\"elementor-widget-container\">\n\t\t\t\t\t\t\t\t\t<p><i><span style=\"font-weight: 400;\">Une lampe que tu allumes pour quelqu\u2019un d\u2019autre \u00e9claire aussi ton propre chemin. \u2013 Nichiren<\/span><\/i><\/p>\t\t\t\t\t\t\t\t<\/div>\n\t\t\t\t<\/div>\n\t\t\t\t<\/a>\n\t\t\t\t<\/div>\n\t\t\t\t<div class=\"elementor-element elementor-element-6ed46b2 elementor-widget elementor-widget-pop360_quotes_carousel\" data-id=\"6ed46b2\" data-element_type=\"widget\" data-e-type=\"widget\" data-widget_type=\"pop360_quotes_carousel.default\">\n\t\t\t\t<div class=\"elementor-widget-container\">\n\t\t\t\t\t<div class=\"pop360-quotes-carousel\" data-start=\"2\" data-autoplay=\"true\" data-speed=\"7500\"><div class=\"quote-slide\" style=\"background-image:url(https:\/\/staging.athlete360.be\/wp-content\/uploads\/2025\/07\/WhatsApp-Image-2025-07-28-at-08.49.39.jpeg)\"><div class=\"quote-content\"><div class=\"quote-description\"><p><span data-no-translation>De weg naar de top is zelden recht. Een mentor helpt je met navigeren wanneer het pad onduidelijk wordt.<\/span><\/p>\n<\/div><div class=\"quote-meta\"><span data-no-translation>Pieter Verhees<\/span> &ndash; <span data-no-translation>ex-topsporter en mentor<\/span><\/div><\/div><\/div><div class=\"quote-slide\" style=\"background-image:url(https:\/\/staging.athlete360.be\/wp-content\/uploads\/2025\/07\/FB_IMG_1695051854325.jpg)\"><div class=\"quote-content\"><div class=\"quote-description\"><p><span data-no-translation>De studiebegeleiding nam veel stress weg, zowel aan het begin als tijdens het academiejaar. Daarnaast biedt de combinatie topsport en studie het beste van twee werelden.<\/span><\/p>\n<\/div><div class=\"quote-meta\"><span data-no-translation>Louis Vangeel<\/span> &ndash; <span data-no-translation>Topsporter<\/span><\/div><\/div><\/div><div class=\"quote-slide active\" style=\"background-image:url(https:\/\/staging.athlete360.be\/wp-content\/uploads\/2025\/07\/image2.jpg)\"><div class=\"quote-content\"><div class=\"quote-description\"><p><span data-no-translation>In deze nieuwe grote uitdaging heb je nog niet genoeg kennis over verschillende zaken. Maar vooral dan over het combineren van topsport met je studies. De studiebegeleiding heeft mij hierbij veel geholpen over welke stappen ik op welk moment moet nemen. Ik ben hier heel dankbaar voor, want weet zeker dat ik de dingen die ik dit jaar heb geleerd, de rest van mijn carri\u00e8re kan gebruiken!<\/span><\/p>\n<\/div><div class=\"quote-meta\"><span data-no-translation>Kaat Cos<\/span> &ndash; <span data-no-translation>Topsporter<\/span><\/div><\/div><\/div><div class=\"quote-slide\" style=\"background-image:url(https:\/\/staging.athlete360.be\/wp-content\/uploads\/2025\/07\/image1.jpg)\"><div class=\"quote-content\"><div class=\"quote-description\"><p><span data-no-translation>Studiebegeleiding hielp me de juiste studie te kiezen. Het heeft ervoor gezorgd dat ik meer ge\u00efnformeerd was over mijn gekozen richting en hielp me bij de belangrijke zaken voor aanvang van het academiejaar. Mijn studiebegeleider volgde me goed op gedurende het jaar en zo bepaalden we hoe we dingen nog beter konden aanpakken.<\/span><\/p>\n<\/div><div class=\"quote-meta\"><span data-no-translation>Matis Verwimp<\/span> &ndash; <span data-no-translation>Topsporter<\/span><\/div><\/div><\/div><div class=\"quote-slide\" style=\"background-image:url(https:\/\/staging.athlete360.be\/wp-content\/uploads\/2025\/06\/IMG_3924.jpeg)\"><div class=\"quote-content\"><div class=\"quote-description\"><p><span data-no-translation>Als topsporter leef je voor de uitdaging en het moment. Je traint keihard, zet alles op alles en toont keer op keer je uitzonderlijke talent en doorzettingsvermogen. Maar wat als je een nieuw pad moet inslaan? Of je nu de sprong maakt naar hoger onderwijs of op zoek bent naar een nieuwe passie na je sportcarri\u00e8re, die overgang kan voelen als een onbekend terrein.<\/span><\/p>\n<\/div><div class=\"quote-meta\"><span data-no-translation>Bram Sikkens<\/span> &ndash; <span data-no-translation>Topsporter<\/span><\/div><\/div><\/div><div class=\"carousel-arrow carousel-prev\"><span>&#10094;<\/span><\/div><div class=\"carousel-arrow carousel-next\"><span>&#10095;<\/span><\/div><div class=\"pop360-quotes-carousel-dots\"><span class=\"carousel-dot\" data-index=\"0\"><\/span><span class=\"carousel-dot\" data-index=\"1\"><\/span><span class=\"carousel-dot active\" data-index=\"2\"><\/span><span class=\"carousel-dot\" data-index=\"3\"><\/span><span class=\"carousel-dot\" data-index=\"4\"><\/span><\/div><\/div>\t\t\t\t<\/div>\n\t\t\t\t<\/div>\n\t\t<article class=\"elementor-element elementor-element-72b8d7f e-con-full np e-flex e-con e-child\" data-id=\"72b8d7f\" data-element_type=\"container\" data-e-type=\"container\" data-settings=\"{&quot;background_background&quot;:&quot;classic&quot;}\">\n\t\t\t\t<div class=\"elementor-element elementor-element-0a61ea3 elementor-widget elementor-widget-heading\" data-id=\"0a61ea3\" data-element_type=\"widget\" data-e-type=\"widget\" data-widget_type=\"heading.default\">\n\t\t\t\t<div class=\"elementor-widget-container\">\n\t\t\t\t\t<h2 class=\"elementor-heading-title elementor-size-default\">Athlete360 &amp; Assists: compl\u00e9mentaires, renfor\u00e7ant<\/h2>\t\t\t\t<\/div>\n\t\t\t\t<\/div>\n\t\t\t\t<div class=\"elementor-element elementor-element-ac38267 elementor-widget elementor-widget-text-editor\" data-id=\"ac38267\" data-element_type=\"widget\" data-e-type=\"widget\" data-widget_type=\"text-editor.default\">\n\t\t\t\t<div class=\"elementor-widget-container\">\n\t\t\t\t\t\t\t\t\t<p><span style=\"font-weight: 400;\">Pour un programme de mentorat structur\u00e9, nous vous recommandons Assists : un parcours professionnel, soutenu par le Fonds Social du Sport. Assists met en relation athl\u00e8tes et mentors.<\/span><\/p><p><span style=\"font-weight: 400;\">Athlete360 propose un accompagnement qui va bien au-del\u00e0 du mentorat :<\/span><b><br \/><\/b><\/p><ul><li><span style=\"font-weight: 400;\">Un suivi personnalis\u00e9 \u00e0 ton rythme et selon tes besoins<\/span><\/li><li><span style=\"font-weight: 400;\">Un accompagnement avant et apr\u00e8s les parcours de mentorat<\/span><span style=\"font-weight: 400;\"><br \/><\/span><\/li><li><span style=\"font-weight: 400;\">Des moments de partages et des ateliers qui cr\u00e9ent du lien et renforcent<\/span><\/li><\/ul><p class=\"translation-block\">Curieux(se) de d\u00e9couvrir ce que le mentorat peut t\u2019apporter, que tu sois mentor\u00e9(e) ou mentor ? D\u00e9couvre Assists et son impact positif.<\/p>\t\t\t\t\t\t\t\t<\/div>\n\t\t\t\t<\/div>\n\t\t\t\t<\/article>\n\t\t\t\t<\/div>\n\t\t\t\t<\/div>\n\t\t\t\t<\/div>","protected":false},"excerpt":{"rendered":"<p>Mentorschap Van atleet tot mentor en van mentor tot atleet Samen staan we sterker! Contacteer ons Registreer je Omdat niemand beter begrijpt wat jij doormaakt dan iemand die al in jouw schoenen stond. Een topsportcarri\u00e8re is intens. Je geeft alles, maar wat volgt er daarna? Of hoe geef je als atleet of coach richting aan [&hellip;]<\/p>\n","protected":false},"author":1,"featured_media":0,"parent":0,"menu_order":6,"comment_status":"closed","ping_status":"closed","template":"elementor_header_footer","meta":{"footnotes":""},"class_list":["post-780","page","type-page","status-publish","hentry"],"_links":{"self":[{"href":"https:\/\/staging.athlete360.be\/fr\/wp-json\/wp\/v2\/pages\/780","targetHints":{"allow":["GET"]}}],"collection":[{"href":"https:\/\/staging.athlete360.be\/fr\/wp-json\/wp\/v2\/pages"}],"about":[{"href":"https:\/\/staging.athlete360.be\/fr\/wp-json\/wp\/v2\/types\/page"}],"author":[{"embeddable":true,"href":"https:\/\/staging.athlete360.be\/fr\/wp-json\/wp\/v2\/users\/1"}],"replies":[{"embeddable":true,"href":"https:\/\/staging.athlete360.be\/fr\/wp-json\/wp\/v2\/comments?post=780"}],"version-history":[{"count":73,"href":"https:\/\/staging.athlete360.be\/fr\/wp-json\/wp\/v2\/pages\/780\/revisions"}],"predecessor-version":[{"id":2901,"href":"https:\/\/staging.athlete360.be\/fr\/wp-json\/wp\/v2\/pages\/780\/revisions\/2901"}],"wp:attachment":[{"href":"https:\/\/staging.athlete360.be\/fr\/wp-json\/wp\/v2\/media?parent=780"}],"curies":[{"name":"wp","href":"https:\/\/api.w.org\/{rel}","templated":true}]}}